{"id":332,"date":"2020-08-26T08:16:46","date_gmt":"2020-08-26T06:16:46","guid":{"rendered":"http:\/\/idealbarcelona.com\/politica-de-privacitat\/"},"modified":"2020-09-22T13:47:06","modified_gmt":"2020-09-22T11:47:06","slug":"politica-de-privacidad","status":"publish","type":"page","link":"https:\/\/idealbarcelona.com\/es\/politica-de-privacidad\/","title":{"rendered":"Pol\u00edtica de privacidad"},"content":{"rendered":"<p>PROTECCI\u00d3N DE DATOS<\/p>\n<p>En caso de que nos facilite datos suyos de car\u00e1cter personal, estos ser\u00e1n tratados por Layers of Reality, SL, y le informamos que disponemos de las medidas t\u00e9cnicas y organizativas necesarias tal y como establece el Reglamento General de Protecci\u00f3n de Datos (UE) 2016\/679.<\/p>\n<p>El uso que se har\u00e1 de sus datos ser\u00e1 enviarle la informaci\u00f3n o llevar a cabo el servicio que haya solicitado y, si lo autoriza, enviarle comunicados posteriores sobre novedades de IDEAL &#8211; Centro de Artes Digitales, sin que sus datos sean nunca cedidos a terceros.<\/p>\n<p>El responsable del tratamiento es Layers of reality, SL, titular del sitio web. Layers of reality, SL, podr\u00e1 contratar a otras empresas para prestar los servicios acordados con el usuario, pero siempre con total garant\u00eda de confidencialidad y seguridad en el tratamiento de los datos. <\/p>\n<p>De conformidad con el art\u00edculo 13 del Reglamento, le informamos que puede ejercer sus derechos de acceso, cancelaci\u00f3n, rectificaci\u00f3n u oposici\u00f3n en cualquier momento enviando un mail a info@idealbarcelona.com o enviando un escrito a nuestras oficinas de Barcelona, C. Doctor Trueta 196-198, adjuntando fotocopia de su DNI o pasaporte en ambos casos para su correcta identificaci\u00f3n. <\/p>\n<p>Sus datos ser\u00e1n conservados mientras mantenga una relaci\u00f3n con IDEAL &#8211; Centro de Artes Digitals y, si deja de existir esta relaci\u00f3n, durante el tiempo de prescripci\u00f3n de responsabilidades. Tambi\u00e9n se le informa de su derecho a presentar una reclamaci\u00f3n ante la Agencia Espa\u00f1ola de Protecci\u00f3n de Datos en el caso de que considere vulnerados sus derechos. <\/p>\n","protected":false},"excerpt":{"rendered":"<p>PROTECCI\u00d3N DE DATOS En caso de que nos facilite datos suyos de car\u00e1cter personal, estos ser\u00e1n tratados por Layers of&#8230;<\/p>\n","protected":false},"author":1,"featured_media":0,"parent":0,"menu_order":0,"comment_status":"closed","ping_status":"open","template":"","meta":{"_acf_changed":false,"footnotes":""},"class_list":["post-332","page","type-page","status-publish","hentry"],"acf":[],"yoast_head":"<!-- This site is optimized with the Yoast SEO plugin v27.2 - https:\/\/yoast.com\/product\/yoast-seo-wordpress\/ -->\n<title>Pol\u00edtica de privacidad - Ideal Barcelona<\/title>\n<meta name=\"robots\" content=\"index, follow, max-snippet:-1, max-image-preview:large, max-video-preview:-1\" \/>\n<link rel=\"canonical\" href=\"https:\/\/idealbarcelona.com\/es\/politica-de-privacidad\/\" \/>\n<meta property=\"og:locale\" content=\"es_ES\" \/>\n<meta property=\"og:type\" content=\"article\" \/>\n<meta property=\"og:title\" content=\"Pol\u00edtica de privacidad - Ideal Barcelona\" \/>\n<meta property=\"og:description\" content=\"PROTECCI\u00d3N DE DATOS En caso de que nos facilite datos suyos de car\u00e1cter personal, estos ser\u00e1n tratados por Layers of...\" \/>\n<meta property=\"og:url\" content=\"https:\/\/idealbarcelona.com\/es\/politica-de-privacidad\/\" \/>\n<meta property=\"og:site_name\" content=\"Ideal Barcelona\" \/>\n<meta property=\"article:modified_time\" content=\"2020-09-22T11:47:06+00:00\" \/>\n<meta name=\"twitter:card\" content=\"summary_large_image\" \/>\n<meta name=\"twitter:label1\" content=\"Tiempo de lectura\" \/>\n\t<meta name=\"twitter:data1\" content=\"1 minuto\" \/>\n<script type=\"application\/ld+json\" class=\"yoast-schema-graph\">{\"@context\":\"https:\/\/schema.org\",\"@graph\":[{\"@type\":\"WebPage\",\"@id\":\"https:\/\/idealbarcelona.com\/es\/politica-de-privacidad\/\",\"url\":\"https:\/\/idealbarcelona.com\/es\/politica-de-privacidad\/\",\"name\":\"Pol\u00edtica de privacidad - Ideal Barcelona\",\"isPartOf\":{\"@id\":\"https:\/\/idealbarcelona.com\/es\/#website\"},\"datePublished\":\"2020-08-26T06:16:46+00:00\",\"dateModified\":\"2020-09-22T11:47:06+00:00\",\"breadcrumb\":{\"@id\":\"https:\/\/idealbarcelona.com\/es\/politica-de-privacidad\/#breadcrumb\"},\"inLanguage\":\"es\",\"potentialAction\":[{\"@type\":\"ReadAction\",\"target\":[\"https:\/\/idealbarcelona.com\/es\/politica-de-privacidad\/\"]}]},{\"@type\":\"BreadcrumbList\",\"@id\":\"https:\/\/idealbarcelona.com\/es\/politica-de-privacidad\/#breadcrumb\",\"itemListElement\":[{\"@type\":\"ListItem\",\"position\":1,\"name\":\"Inici\",\"item\":\"https:\/\/idealbarcelona.com\/es\/\"},{\"@type\":\"ListItem\",\"position\":2,\"name\":\"Pol\u00edtica de privacidad\"}]},{\"@type\":\"WebSite\",\"@id\":\"https:\/\/idealbarcelona.com\/es\/#website\",\"url\":\"https:\/\/idealbarcelona.com\/es\/\",\"name\":\"Ideal Barcelona\",\"description\":\"Centre d&#039;arts digitals\",\"inLanguage\":\"es\"}]}<\/script>\n<!-- \/ Yoast SEO plugin. -->","yoast_head_json":{"title":"Pol\u00edtica de privacidad - Ideal Barcelona","robots":{"index":"index","follow":"follow","max-snippet":"max-snippet:-1","max-image-preview":"max-image-preview:large","max-video-preview":"max-video-preview:-1"},"canonical":"https:\/\/idealbarcelona.com\/es\/politica-de-privacidad\/","og_locale":"es_ES","og_type":"article","og_title":"Pol\u00edtica de privacidad - Ideal Barcelona","og_description":"PROTECCI\u00d3N DE DATOS En caso de que nos facilite datos suyos de car\u00e1cter personal, estos ser\u00e1n tratados por Layers of...","og_url":"https:\/\/idealbarcelona.com\/es\/politica-de-privacidad\/","og_site_name":"Ideal Barcelona","article_modified_time":"2020-09-22T11:47:06+00:00","twitter_card":"summary_large_image","twitter_misc":{"Tiempo de lectura":"1 minuto"},"schema":{"@context":"https:\/\/schema.org","@graph":[{"@type":"WebPage","@id":"https:\/\/idealbarcelona.com\/es\/politica-de-privacidad\/","url":"https:\/\/idealbarcelona.com\/es\/politica-de-privacidad\/","name":"Pol\u00edtica de privacidad - Ideal Barcelona","isPartOf":{"@id":"https:\/\/idealbarcelona.com\/es\/#website"},"datePublished":"2020-08-26T06:16:46+00:00","dateModified":"2020-09-22T11:47:06+00:00","breadcrumb":{"@id":"https:\/\/idealbarcelona.com\/es\/politica-de-privacidad\/#breadcrumb"},"inLanguage":"es","potentialAction":[{"@type":"ReadAction","target":["https:\/\/idealbarcelona.com\/es\/politica-de-privacidad\/"]}]},{"@type":"BreadcrumbList","@id":"https:\/\/idealbarcelona.com\/es\/politica-de-privacidad\/#breadcrumb","itemListElement":[{"@type":"ListItem","position":1,"name":"Inici","item":"https:\/\/idealbarcelona.com\/es\/"},{"@type":"ListItem","position":2,"name":"Pol\u00edtica de privacidad"}]},{"@type":"WebSite","@id":"https:\/\/idealbarcelona.com\/es\/#website","url":"https:\/\/idealbarcelona.com\/es\/","name":"Ideal Barcelona","description":"Centre d&#039;arts digitals","inLanguage":"es"}]}},"_links":{"self":[{"href":"https:\/\/idealbarcelona.com\/es\/wp-json\/wp\/v2\/pages\/332","targetHints":{"allow":["GET"]}}],"collection":[{"href":"https:\/\/idealbarcelona.com\/es\/wp-json\/wp\/v2\/pages"}],"about":[{"href":"https:\/\/idealbarcelona.com\/es\/wp-json\/wp\/v2\/types\/page"}],"author":[{"embeddable":true,"href":"https:\/\/idealbarcelona.com\/es\/wp-json\/wp\/v2\/users\/1"}],"replies":[{"embeddable":true,"href":"https:\/\/idealbarcelona.com\/es\/wp-json\/wp\/v2\/comments?post=332"}],"version-history":[{"count":2,"href":"https:\/\/idealbarcelona.com\/es\/wp-json\/wp\/v2\/pages\/332\/revisions"}],"predecessor-version":[{"id":334,"href":"https:\/\/idealbarcelona.com\/es\/wp-json\/wp\/v2\/pages\/332\/revisions\/334"}],"wp:attachment":[{"href":"https:\/\/idealbarcelona.com\/es\/wp-json\/wp\/v2\/media?parent=332"}],"curies":[{"name":"wp","href":"https:\/\/api.w.org\/{rel}","templated":true}]}}