{"id":1035,"date":"2021-03-24T17:06:11","date_gmt":"2021-03-24T15:06:11","guid":{"rendered":"https:\/\/idealbarcelona.com\/?page_id=1035"},"modified":"2021-03-24T17:06:11","modified_gmt":"2021-03-24T15:06:11","slug":"newsletter","status":"publish","type":"page","link":"https:\/\/idealbarcelona.com\/es\/newsletter\/","title":{"rendered":"Newsletter"},"content":{"rendered":"<p>\u00bfQuieres recibir m\u00e1s informaci\u00f3n sobre nuestros servicios, actividades programadas as\u00ed como acceder a promociones y descuentos exclusivos para visitar el IDEAL? Suscribete a nuestro bolet\u00edn.<\/p>\n","protected":false},"excerpt":{"rendered":"<p>\u00bfQuieres recibir m\u00e1s informaci\u00f3n sobre nuestros servicios, actividades programadas as\u00ed como acceder a promociones y descuentos exclusivos para visitar el&#8230;<\/p>\n","protected":false},"author":1,"featured_media":0,"parent":0,"menu_order":0,"comment_status":"closed","ping_status":"closed","template":"views\/template-newsletter.blade.php","meta":{"_acf_changed":false,"footnotes":""},"class_list":["post-1035","page","type-page","status-publish","hentry"],"acf":[],"yoast_head":"<!-- This site is optimized with the Yoast SEO plugin v27.3 - https:\/\/yoast.com\/product\/yoast-seo-wordpress\/ -->\n<title>Newsletter - Ideal Barcelona<\/title>\n<meta name=\"robots\" content=\"index, follow, max-snippet:-1, max-image-preview:large, max-video-preview:-1\" \/>\n<link rel=\"canonical\" href=\"https:\/\/idealbarcelona.com\/es\/newsletter\/\" \/>\n<meta property=\"og:locale\" content=\"es_ES\" \/>\n<meta property=\"og:type\" content=\"article\" \/>\n<meta property=\"og:title\" content=\"Newsletter - Ideal Barcelona\" \/>\n<meta property=\"og:description\" content=\"\u00bfQuieres recibir m\u00e1s informaci\u00f3n sobre nuestros servicios, actividades programadas as\u00ed como acceder a promociones y descuentos exclusivos para visitar el...\" \/>\n<meta property=\"og:url\" content=\"https:\/\/idealbarcelona.com\/es\/newsletter\/\" \/>\n<meta property=\"og:site_name\" content=\"Ideal Barcelona\" \/>\n<meta name=\"twitter:card\" content=\"summary_large_image\" \/>\n<script type=\"application\/ld+json\" class=\"yoast-schema-graph\">{\"@context\":\"https:\\\/\\\/schema.org\",\"@graph\":[{\"@type\":\"WebPage\",\"@id\":\"https:\\\/\\\/idealbarcelona.com\\\/es\\\/newsletter\\\/\",\"url\":\"https:\\\/\\\/idealbarcelona.com\\\/es\\\/newsletter\\\/\",\"name\":\"Newsletter - Ideal Barcelona\",\"isPartOf\":{\"@id\":\"https:\\\/\\\/idealbarcelona.com\\\/es\\\/#website\"},\"datePublished\":\"2021-03-24T15:06:11+00:00\",\"breadcrumb\":{\"@id\":\"https:\\\/\\\/idealbarcelona.com\\\/es\\\/newsletter\\\/#breadcrumb\"},\"inLanguage\":\"es\",\"potentialAction\":[{\"@type\":\"ReadAction\",\"target\":[\"https:\\\/\\\/idealbarcelona.com\\\/es\\\/newsletter\\\/\"]}]},{\"@type\":\"BreadcrumbList\",\"@id\":\"https:\\\/\\\/idealbarcelona.com\\\/es\\\/newsletter\\\/#breadcrumb\",\"itemListElement\":[{\"@type\":\"ListItem\",\"position\":1,\"name\":\"Inici\",\"item\":\"https:\\\/\\\/idealbarcelona.com\\\/es\\\/\"},{\"@type\":\"ListItem\",\"position\":2,\"name\":\"Newsletter\"}]},{\"@type\":\"WebSite\",\"@id\":\"https:\\\/\\\/idealbarcelona.com\\\/es\\\/#website\",\"url\":\"https:\\\/\\\/idealbarcelona.com\\\/es\\\/\",\"name\":\"Ideal Barcelona\",\"description\":\"Centre d&#039;arts digitals\",\"inLanguage\":\"es\"}]}<\/script>\n<!-- \/ Yoast SEO plugin. -->","yoast_head_json":{"title":"Newsletter - Ideal Barcelona","robots":{"index":"index","follow":"follow","max-snippet":"max-snippet:-1","max-image-preview":"max-image-preview:large","max-video-preview":"max-video-preview:-1"},"canonical":"https:\/\/idealbarcelona.com\/es\/newsletter\/","og_locale":"es_ES","og_type":"article","og_title":"Newsletter - Ideal Barcelona","og_description":"\u00bfQuieres recibir m\u00e1s informaci\u00f3n sobre nuestros servicios, actividades programadas as\u00ed como acceder a promociones y descuentos exclusivos para visitar el...","og_url":"https:\/\/idealbarcelona.com\/es\/newsletter\/","og_site_name":"Ideal Barcelona","twitter_card":"summary_large_image","schema":{"@context":"https:\/\/schema.org","@graph":[{"@type":"WebPage","@id":"https:\/\/idealbarcelona.com\/es\/newsletter\/","url":"https:\/\/idealbarcelona.com\/es\/newsletter\/","name":"Newsletter - Ideal Barcelona","isPartOf":{"@id":"https:\/\/idealbarcelona.com\/es\/#website"},"datePublished":"2021-03-24T15:06:11+00:00","breadcrumb":{"@id":"https:\/\/idealbarcelona.com\/es\/newsletter\/#breadcrumb"},"inLanguage":"es","potentialAction":[{"@type":"ReadAction","target":["https:\/\/idealbarcelona.com\/es\/newsletter\/"]}]},{"@type":"BreadcrumbList","@id":"https:\/\/idealbarcelona.com\/es\/newsletter\/#breadcrumb","itemListElement":[{"@type":"ListItem","position":1,"name":"Inici","item":"https:\/\/idealbarcelona.com\/es\/"},{"@type":"ListItem","position":2,"name":"Newsletter"}]},{"@type":"WebSite","@id":"https:\/\/idealbarcelona.com\/es\/#website","url":"https:\/\/idealbarcelona.com\/es\/","name":"Ideal Barcelona","description":"Centre d&#039;arts digitals","inLanguage":"es"}]}},"_links":{"self":[{"href":"https:\/\/idealbarcelona.com\/es\/wp-json\/wp\/v2\/pages\/1035","targetHints":{"allow":["GET"]}}],"collection":[{"href":"https:\/\/idealbarcelona.com\/es\/wp-json\/wp\/v2\/pages"}],"about":[{"href":"https:\/\/idealbarcelona.com\/es\/wp-json\/wp\/v2\/types\/page"}],"author":[{"embeddable":true,"href":"https:\/\/idealbarcelona.com\/es\/wp-json\/wp\/v2\/users\/1"}],"replies":[{"embeddable":true,"href":"https:\/\/idealbarcelona.com\/es\/wp-json\/wp\/v2\/comments?post=1035"}],"version-history":[{"count":1,"href":"https:\/\/idealbarcelona.com\/es\/wp-json\/wp\/v2\/pages\/1035\/revisions"}],"predecessor-version":[{"id":1036,"href":"https:\/\/idealbarcelona.com\/es\/wp-json\/wp\/v2\/pages\/1035\/revisions\/1036"}],"wp:attachment":[{"href":"https:\/\/idealbarcelona.com\/es\/wp-json\/wp\/v2\/media?parent=1035"}],"curies":[{"name":"wp","href":"https:\/\/api.w.org\/{rel}","templated":true}]}}