{"id":391,"date":"2020-08-26T08:38:52","date_gmt":"2020-08-26T06:38:52","guid":{"rendered":"http:\/\/idealbarcelona.com\/ideal\/"},"modified":"2023-08-31T13:04:08","modified_gmt":"2023-08-31T11:04:08","slug":"ideal","status":"publish","type":"page","link":"https:\/\/idealbarcelona.com\/en\/ideal\/","title":{"rendered":"Ideal"},"content":{"rendered":"<div class=\"et_pb_module et_pb_text et_pb_text_1 et_pb_bg_layout_light et_pb_text_align_left\">\n<div class=\"et_pb_text_inner\">\n<p>A l\u2019IDEAL es poden trobar experi\u00e8ncies per a tots els p\u00fablics, des dels m\u00e9s petits als m\u00e9s grans. A m\u00e9s el centre compta amb activitats i programes de formaci\u00f3 especialitzats per a tots els p\u00fablics (nens, grans, fam\u00edlies, p\u00fablic especialitzat, estudiants\u2026).<\/p>\n<p>El centre compta amb quasi 2000m2 dedicats a l\u2019exhibici\u00f3, producci\u00f3 i formaci\u00f3 d\u2019arts digitals immersives. A la planta principal, compta amb 1500 m2, 800 dels quals s\u00f3n per exhibir exposicions de gran format. Tamb\u00e9 compta amb 3 sales polivalents per allotjar diferents actes i experi\u00e8ncies.<\/p>\n<p>A la planta superior s\u2019hi troben les oficines i la zona d\u2019artistes residents, ja que l\u2019IDEAL \u00e9s tamb\u00e9 una incubadora de talent local pensada per produir produccions pr\u00f2pies.<\/p>\n<\/div>\n<\/div>\n<div class=\"et_pb_module et_pb_text et_pb_text_2 et_pb_bg_layout_light et_pb_text_align_left\">\n<div class=\"et_pb_text_inner\">\n<p>IDEAL, amb seu a Barcelona \u00e9s el primer centre del sud d\u2019Europa dedicat a la producci\u00f3 i exhibici\u00f3 d\u2019arts digital. Fent especial menci\u00f3 a les arts digitals de car\u00e0cter immersiu, \u00e9s un centre \u00fanic que combina la producci\u00f3 de peces audiovisuals en diferents formats.<\/p>\n<\/div>\n<\/div>\n<div class=\"et_pb_module et_pb_text et_pb_text_3 et_pb_bg_layout_light et_pb_text_align_left\">\n<div class=\"et_pb_text_inner\">\n<p>Aquest emblem\u00e0tic edifici de l\u2019antic barri de La Plata, obre de nou les seves portes el 2019 per convertir-se en el futur dels museus i el futur dels cinemes. IDEAL \u00e9s un centre de cultura digital amb un equipament tecnol\u00f2gic \u00fanic a Espanya, que experimenta amb la immersivitat a partir de projeccions audiovisuals, realitat augmentada, realitat virtual i holografia per crear una nova relaci\u00f3 entre l\u2019art i la societat.<\/p>\n<\/div>\n<\/div>\n","protected":false},"excerpt":{"rendered":"<p>A l\u2019IDEAL es poden trobar experi\u00e8ncies per a tots els p\u00fablics, des dels m\u00e9s petits als m\u00e9s grans. A m\u00e9s&#8230;<\/p>\n","protected":false},"author":1,"featured_media":0,"parent":0,"menu_order":0,"comment_status":"closed","ping_status":"closed","template":"views\/template-content.blade.php","meta":{"_acf_changed":false,"footnotes":""},"class_list":["post-391","page","type-page","status-publish","hentry"],"acf":[],"yoast_head":"<!-- This site is optimized with the Yoast SEO plugin v27.3 - https:\/\/yoast.com\/product\/yoast-seo-wordpress\/ -->\n<title>Ideal - Ideal Barcelona<\/title>\n<meta name=\"robots\" content=\"index, follow, max-snippet:-1, max-image-preview:large, max-video-preview:-1\" \/>\n<link rel=\"canonical\" href=\"https:\/\/idealbarcelona.com\/en\/ideal\/\" \/>\n<meta property=\"og:locale\" content=\"en_US\" \/>\n<meta property=\"og:type\" content=\"article\" \/>\n<meta property=\"og:title\" content=\"Ideal - Ideal Barcelona\" \/>\n<meta property=\"og:description\" content=\"A l\u2019IDEAL es poden trobar experi\u00e8ncies per a tots els p\u00fablics, des dels m\u00e9s petits als m\u00e9s grans. A m\u00e9s...\" \/>\n<meta property=\"og:url\" content=\"https:\/\/idealbarcelona.com\/en\/ideal\/\" \/>\n<meta property=\"og:site_name\" content=\"Ideal Barcelona\" \/>\n<meta property=\"article:modified_time\" content=\"2023-08-31T11:04:08+00:00\" \/>\n<meta name=\"twitter:card\" content=\"summary_large_image\" \/>\n<meta name=\"twitter:label1\" content=\"Est. reading time\" \/>\n\t<meta name=\"twitter:data1\" content=\"2 minutes\" \/>\n<script type=\"application\/ld+json\" class=\"yoast-schema-graph\">{\"@context\":\"https:\\\/\\\/schema.org\",\"@graph\":[{\"@type\":\"WebPage\",\"@id\":\"https:\\\/\\\/idealbarcelona.com\\\/en\\\/ideal\\\/\",\"url\":\"https:\\\/\\\/idealbarcelona.com\\\/en\\\/ideal\\\/\",\"name\":\"Ideal - Ideal Barcelona\",\"isPartOf\":{\"@id\":\"https:\\\/\\\/idealbarcelona.com\\\/en\\\/#website\"},\"datePublished\":\"2020-08-26T06:38:52+00:00\",\"dateModified\":\"2023-08-31T11:04:08+00:00\",\"breadcrumb\":{\"@id\":\"https:\\\/\\\/idealbarcelona.com\\\/en\\\/ideal\\\/#breadcrumb\"},\"inLanguage\":\"en-US\",\"potentialAction\":[{\"@type\":\"ReadAction\",\"target\":[\"https:\\\/\\\/idealbarcelona.com\\\/en\\\/ideal\\\/\"]}]},{\"@type\":\"BreadcrumbList\",\"@id\":\"https:\\\/\\\/idealbarcelona.com\\\/en\\\/ideal\\\/#breadcrumb\",\"itemListElement\":[{\"@type\":\"ListItem\",\"position\":1,\"name\":\"Inici\",\"item\":\"https:\\\/\\\/idealbarcelona.com\\\/en\\\/\"},{\"@type\":\"ListItem\",\"position\":2,\"name\":\"Ideal\"}]},{\"@type\":\"WebSite\",\"@id\":\"https:\\\/\\\/idealbarcelona.com\\\/en\\\/#website\",\"url\":\"https:\\\/\\\/idealbarcelona.com\\\/en\\\/\",\"name\":\"Ideal Barcelona\",\"description\":\"Centre d&#039;arts digitals\",\"inLanguage\":\"en-US\"}]}<\/script>\n<!-- \/ Yoast SEO plugin. -->","yoast_head_json":{"title":"Ideal - Ideal Barcelona","robots":{"index":"index","follow":"follow","max-snippet":"max-snippet:-1","max-image-preview":"max-image-preview:large","max-video-preview":"max-video-preview:-1"},"canonical":"https:\/\/idealbarcelona.com\/en\/ideal\/","og_locale":"en_US","og_type":"article","og_title":"Ideal - Ideal Barcelona","og_description":"A l\u2019IDEAL es poden trobar experi\u00e8ncies per a tots els p\u00fablics, des dels m\u00e9s petits als m\u00e9s grans. A m\u00e9s...","og_url":"https:\/\/idealbarcelona.com\/en\/ideal\/","og_site_name":"Ideal Barcelona","article_modified_time":"2023-08-31T11:04:08+00:00","twitter_card":"summary_large_image","twitter_misc":{"Est. reading time":"2 minutes"},"schema":{"@context":"https:\/\/schema.org","@graph":[{"@type":"WebPage","@id":"https:\/\/idealbarcelona.com\/en\/ideal\/","url":"https:\/\/idealbarcelona.com\/en\/ideal\/","name":"Ideal - Ideal Barcelona","isPartOf":{"@id":"https:\/\/idealbarcelona.com\/en\/#website"},"datePublished":"2020-08-26T06:38:52+00:00","dateModified":"2023-08-31T11:04:08+00:00","breadcrumb":{"@id":"https:\/\/idealbarcelona.com\/en\/ideal\/#breadcrumb"},"inLanguage":"en-US","potentialAction":[{"@type":"ReadAction","target":["https:\/\/idealbarcelona.com\/en\/ideal\/"]}]},{"@type":"BreadcrumbList","@id":"https:\/\/idealbarcelona.com\/en\/ideal\/#breadcrumb","itemListElement":[{"@type":"ListItem","position":1,"name":"Inici","item":"https:\/\/idealbarcelona.com\/en\/"},{"@type":"ListItem","position":2,"name":"Ideal"}]},{"@type":"WebSite","@id":"https:\/\/idealbarcelona.com\/en\/#website","url":"https:\/\/idealbarcelona.com\/en\/","name":"Ideal Barcelona","description":"Centre d&#039;arts digitals","inLanguage":"en-US"}]}},"_links":{"self":[{"href":"https:\/\/idealbarcelona.com\/en\/wp-json\/wp\/v2\/pages\/391","targetHints":{"allow":["GET"]}}],"collection":[{"href":"https:\/\/idealbarcelona.com\/en\/wp-json\/wp\/v2\/pages"}],"about":[{"href":"https:\/\/idealbarcelona.com\/en\/wp-json\/wp\/v2\/types\/page"}],"author":[{"embeddable":true,"href":"https:\/\/idealbarcelona.com\/en\/wp-json\/wp\/v2\/users\/1"}],"replies":[{"embeddable":true,"href":"https:\/\/idealbarcelona.com\/en\/wp-json\/wp\/v2\/comments?post=391"}],"version-history":[{"count":5,"href":"https:\/\/idealbarcelona.com\/en\/wp-json\/wp\/v2\/pages\/391\/revisions"}],"predecessor-version":[{"id":3761,"href":"https:\/\/idealbarcelona.com\/en\/wp-json\/wp\/v2\/pages\/391\/revisions\/3761"}],"wp:attachment":[{"href":"https:\/\/idealbarcelona.com\/en\/wp-json\/wp\/v2\/media?parent=391"}],"curies":[{"name":"wp","href":"https:\/\/api.w.org\/{rel}","templated":true}]}}